{"id":9,"date":"2025-04-06T12:44:57","date_gmt":"2025-04-06T12:44:57","guid":{"rendered":"https:\/\/maggiesmill.dk\/?page_id=9"},"modified":"2025-04-15T10:55:41","modified_gmt":"2025-04-15T10:55:41","slug":"home","status":"publish","type":"page","link":"https:\/\/maggiesmill.dk\/","title":{"rendered":"Forlaget Maggies Mill  \/ Maggies Mill Publishers"},"content":{"rendered":"<p>Maggies Mill udgiver ord, skrifter, b\u00f8ger af digteren og forfatteren <a href=\"https:\/\/lenehenningsen.dk\/\" target=\"_blank\" rel=\"noopener\">Lene Henningsen<\/a>. Orienterer sig derudover mod anderledes poetiske eksperimenter, og projekter knyttet til <a href=\"https:\/\/www.poetiskpodcast.dk\/\" target=\"_blank\" rel=\"noopener\">Poetisk Podcast<\/a>.<br \/>\nDen imagin\u00e6re poesim\u00f8lle l\u00e5ner af vandets kraft, af lyset, luften og tr\u00e6erne.<br \/>\nP\u00e5 stedet hvor den poetiske str\u00f8m og b\u00f8gerne bliver til i dag, l\u00e5 der i \u00e5rhundreder en vandm\u00f8lle. \u00d8rreder sv\u00f8mmer op gennem \u00e5l\u00f8bet, og hver gang de passerer, h\u00f8res et ekko af vandhjulet der rammer vandet.<\/p>\n<p>*\u00a0 \u00a0 *\u00a0 \u00a0 *<\/p>\n<p>Maggies Mill publishes words, writings, and books by the poet and author <a href=\"https:\/\/lenehenningsen.dk\/\" target=\"_blank\" rel=\"noopener\">Lene Henningsen<\/a>. It is also orientated towards unique poetic experiments and projects related to the platform <a href=\"https:\/\/www.poetiskpodcast.dk\/\" target=\"_blank\" rel=\"noopener\">Poetisk Podcast<\/a> (Poetic Podcast).<br \/>\nThe imaginary poetry mill borrows from the power of the water, light, air, and trees.<br \/>\nAt the place where the poetic stream and books come to light today, a watermill for centuries lay. Trout swim up the stream, and each time they pass, there&#8217;s an echo of the wheel hitting the water.<\/p>\n<p>&nbsp;<\/p>\n<p>&nbsp;<\/p>\n<p style=\"text-align: center;\">info@maggiesmill.dk<br \/>\n+45 27944898<\/p>\n<p>&nbsp;<\/p>\n<p>&nbsp;<\/p>\n<p>&nbsp;<\/p>\n","protected":false},"excerpt":{"rendered":"<p>Maggies Mill udgiver ord, skrifter, b\u00f8ger af digteren og forfatteren Lene Henningsen. Orienterer sig derudover mod anderledes poetiske eksperimenter, og [&hellip;]<\/p>\n","protected":false},"author":1,"featured_media":0,"parent":0,"menu_order":0,"comment_status":"closed","ping_status":"closed","template":"","meta":{"_uag_custom_page_level_css":"","site-sidebar-layout":"no-sidebar","site-content-layout":"plain-container","ast-site-content-layout":"narrow-width-container","site-content-style":"default","site-sidebar-style":"default","ast-global-header-display":"","ast-banner-title-visibility":"","ast-main-header-display":"","ast-hfb-above-header-display":"","ast-hfb-below-header-display":"","ast-hfb-mobile-header-display":"","site-post-title":"disabled","ast-breadcrumbs-content":"","ast-featured-img":"","footer-sml-layout":"","theme-transparent-header-meta":"disabled","adv-header-id-meta":"","stick-header-meta":"","header-above-stick-meta":"","header-main-stick-meta":"","header-below-stick-meta":"","astra-migrate-meta-layouts":"set","ast-page-background-enabled":"default","ast-page-background-meta":{"desktop":{"background-color":"var(--ast-global-color-5)","background-image":"","background-repeat":"repeat","background-position":"center center","background-size":"auto","background-attachment":"scroll","background-type":"","background-media":"","overlay-type":"","overlay-color":"","overlay-opacity":"","overlay-gradient":""},"tablet":{"background-color":"","background-image":"","background-repeat":"repeat","background-position":"center center","background-size":"auto","background-attachment":"scroll","background-type":"","background-media":"","overlay-type":"","overlay-color":"","overlay-opacity":"","overlay-gradient":""},"mobile":{"background-color":"","background-image":"","background-repeat":"repeat","background-position":"center center","background-size":"auto","background-attachment":"scroll","background-type":"","background-media":"","overlay-type":"","overlay-color":"","overlay-opacity":"","overlay-gradient":""}},"ast-content-background-meta":{"desktop":{"background-color":"var(--ast-global-color-4)","background-image":"","background-repeat":"repeat","background-position":"center center","background-size":"auto","background-attachment":"scroll","background-type":"","background-media":"","overlay-type":"","overlay-color":"","overlay-opacity":"","overlay-gradient":""},"tablet":{"background-color":"var(--ast-global-color-4)","background-image":"","background-repeat":"repeat","background-position":"center center","background-size":"auto","background-attachment":"scroll","background-type":"","background-media":"","overlay-type":"","overlay-color":"","overlay-opacity":"","overlay-gradient":""},"mobile":{"background-color":"var(--ast-global-color-4)","background-image":"","background-repeat":"repeat","background-position":"center center","background-size":"auto","background-attachment":"scroll","background-type":"","background-media":"","overlay-type":"","overlay-color":"","overlay-opacity":"","overlay-gradient":""}},"footnotes":""},"class_list":["post-9","page","type-page","status-publish","hentry"],"uagb_featured_image_src":{"full":false,"thumbnail":false,"medium":false,"medium_large":false,"large":false,"1536x1536":false,"2048x2048":false},"uagb_author_info":{"display_name":"admin","author_link":"https:\/\/maggiesmill.dk\/index.php\/author\/maggie\/"},"uagb_comment_info":0,"uagb_excerpt":"Maggies Mill udgiver ord, skrifter, b\u00f8ger af digteren og forfatteren Lene Henningsen. Orienterer sig derudover mod anderledes poetiske eksperimenter, og [&hellip;]","_links":{"self":[{"href":"https:\/\/maggiesmill.dk\/index.php\/wp-json\/wp\/v2\/pages\/9","targetHints":{"allow":["GET"]}}],"collection":[{"href":"https:\/\/maggiesmill.dk\/index.php\/wp-json\/wp\/v2\/pages"}],"about":[{"href":"https:\/\/maggiesmill.dk\/index.php\/wp-json\/wp\/v2\/types\/page"}],"author":[{"embeddable":true,"href":"https:\/\/maggiesmill.dk\/index.php\/wp-json\/wp\/v2\/users\/1"}],"replies":[{"embeddable":true,"href":"https:\/\/maggiesmill.dk\/index.php\/wp-json\/wp\/v2\/comments?post=9"}],"version-history":[{"count":15,"href":"https:\/\/maggiesmill.dk\/index.php\/wp-json\/wp\/v2\/pages\/9\/revisions"}],"predecessor-version":[{"id":98,"href":"https:\/\/maggiesmill.dk\/index.php\/wp-json\/wp\/v2\/pages\/9\/revisions\/98"}],"wp:attachment":[{"href":"https:\/\/maggiesmill.dk\/index.php\/wp-json\/wp\/v2\/media?parent=9"}],"curies":[{"name":"wp","href":"https:\/\/api.w.org\/{rel}","templated":true}]}}